{"id":11,"date":"2011-10-10T16:37:12","date_gmt":"2011-10-10T14:37:12","guid":{"rendered":"http:\/\/www.living-lexicon.at\/koenigsbrunnerkammerchor_neu\/?page_id=11"},"modified":"2025-02-14T20:11:57","modified_gmt":"2025-02-14T19:11:57","slug":"chronik","status":"publish","type":"page","link":"https:\/\/www.living-lexicon.at\/koenigsbrunnerkammerchor\/?page_id=11","title":{"rendered":"Chronik"},"content":{"rendered":"<div>\n<p><strong>Der K\u00f6nigsbrunner Kammerchor<br \/>\nEin R\u00fcckblick<\/strong><\/p>\n<p>Der Chor wurde 1975 von Josef Helmut Ettl als Kirchenchor K\u00f6nigsbrunn gegr\u00fcndet und hatte als solcher prim\u00e4r die Aufgabe, kirchliche Feste musikalisch zu gestalten.<\/p>\n<p>Aus dem Wunsch, nicht nur liturgisch t\u00e4tig zu sein, entstanden die ersten Kirchenkonzerte, wie zB die Auff\u00fchrung von Pergolesis \u201eStabat Mater\u201c 1981. Der Wunsch nach mehr au\u00dferkirchlichen Auftritten f\u00fchrte 1982 zur Gr\u00fcndung des Vereines b\u00fcrgerlichen Rechts \u201eK\u00f6nigsbrunner Kammerchor\u201c, wobei aber der Kirchendienst nie vernachl\u00e4ssigt wurde.<\/p>\n<p>Der H\u00f6hepunkt dieser Aufgabe war sicherlich die Auff\u00fchrung der \u201eKr\u00f6nungsmesse\u201c von W.A. Mozart zum 10j\u00e4hrigen Bestehen des Chores am 18. August 1985, die vom \u00f6sterreichischen Rundfunk \u00fcbertragen wurde.<\/p>\n<p>Doch nicht nur in musikalischer Hinsicht ist der Chor mit der Kirche verbunden. Dem Chor gelang das \u201ekleine Wunder\u201c dass durch Eigeninitiative und Motivationsarbeit die desolate alte Orgel in der Pfarrkirche durch eine neue Pfeifenorgel ersetzt wurde, wobei wir besonders stolz sind, durch Konzerte und auch durch mehrmalige Chorfest mehr als ein Drittel des Kaufpreises mitfinanziert zu haben. Die neue Orgel wurde \u00fcbrigens am 5. Juni 1995 bei einem Festgottesdienst mit J. Haydns \u201eOrgelsolomesse\u201c und einem Kirchenkonzert eingeweiht.<\/p>\n<p>Zum musikalischen Konzept des Chores geh\u00f6rt auch die Realisierung der Passionsmusik, nicht nur konzertant, sondern auch als Bestandteil der Osterliturgie. So gelangte die &#8222;Matth\u00e4us-Passion&#8220; von Heinrich Sch\u00fctz am Karfreitag, 1. April 1994, zur Auff\u00fchrung.<\/p>\n<p>Ein weiterer kultureller Fixpunkt im Jahreskreis ist unser \u201eAdvent im G\u2019w\u00f6lb\u201c. Seit 1991 findet allj\u00e4hrlich am letzten Adventsonntag des Jahres ein Konzert mit weihnachtlichen Ch\u00f6ren und Lesungen weihnachtlicher Lyrik in einem aufgelassenen Weinkeller, dem G\u2019w\u00f6lb, statt. Dieses Weihnachtssingen ist l\u00e4ngst zur Institution geworden und weit \u00fcber unseren Bezirk bekannt.<\/p>\n<p>In letzter Zeit zeichnete sich im Chor eine neue Entwicklung ab. Wir haben die Liebe zum gro\u00dfen weltlichen Chorkonzert entdeckt. Begonnen hat es mit einem Konzert anl\u00e4sslich der Komponisten-Jubil\u00e4en 1997, Schubert \u2013 Mendelssohn \u2013 Brahms, unter dem Titel \u201eViva la musica\u201c am 22. Juni 1997.<\/p>\n<p>Der gro\u00dfe Erfolg des Konzertes ermunterte uns f\u00fcr 1998 ein neues Projekt in Angriff zu nehmen. Unter dem Titel \u201eDie sch\u00f6nsten Melodien aus Oper und Operette\u201c wagte sich der Chor bei einem \u201eOpen Air Konzert\u201c in Hippersdorf (Plexental) an B\u00fchnenwerke wie \u201eNabucco\u201c, \u201eTroubadour\u201c und die \u201eFledermaus\u201c.<\/p>\n<p>Der Erfolg beim Publikum war so gro\u00df, dass ein weiteres Freiluftkonzert am 19. Juni 1999 unter dem Titel \u201eEin Strau\u00df f\u00fcr Strau\u00df\u201c in Utzenlaa folgte. Der Melodienreigen des Walzerk\u00f6nigs umfasste Ausschnitte aus den Operetten \u201eDie Fledermaus\u201c, \u201eDer Zigeunerbaron\u201c oder \u201eEine Nacht in Venedig\u201c sowie Walzer, M\u00e4rsche und Polkas.<\/p>\n<p>Im Jahr 2000 wurde das 25j\u00e4hrige Chor-Jubil\u00e4um gefeiert. H\u00f6hepunkt des Jubil\u00e4umsjahres bildete die Auff\u00fchrung der \u201eKr\u00f6nungsmesse\u201c von W.A. Mozart sowie die musikalische Darbietung von Werken der Komponisten Haydn und H\u00e4ndel im Rahmen eines Festgottesdienstes am 15. August 2000.<\/p>\n<p>Das Jahr 2001 war v.a. den Komponisten Bach, Brahms und Bruckner mit einem Chor-Orgelkonzert gewidmet.<\/p>\n<p>Ganz der geistlichen Musik hat sicher Chor wieder 2003 mit dem Kirchenkonzert \u201eMusica Sacra\u201c verschrieben, bei dem ua Werke von Bruckner, Meldelssohn Bartholdi und Gounod zur Auff\u00fchrung gelangten. H\u00f6hepunkt dieses Konzertes bildete die Auff\u00fchrung der \u201eMissa Criolla\u201c von Ariel Ramirez.<\/p>\n<p>Angesichts der Erfolge der Freiluftkonzerte wurde 2004 ein Fr\u00fchlingskonzert veranstaltet: \u201eDie bekanntesten Ch\u00f6re, Arien aus Oper und Operette, Polkas, Walzer und M\u00e4rsche von Johann Strauss\u201c. Das Fr\u00fchlingskonzert fand vor dem Jaghaus Eleonorehain in den Donau-Auen statt und hat viele Besucher angelockt. Die tolle Abendstimmung machte das Konzert zu einem wundersch\u00f6nen Erlebnis, sowohl f\u00fcr die Musiker als auch f\u00fcr das Publikum.<\/p>\n<p>Im Jahr 2005 stand das 30j\u00e4hrige Chorjubil\u00e4um bevor. Das Highlight dieses Jubil\u00e4umsjahres war die Darbietung der Carmina Burana von Carl Orff. Das St\u00fcck wurde gemeinsam mit dem Jugendchor Langenlois einstudiert und zweimal aufgef\u00fchrt: zun\u00e4chst als Open Air in K\u00f6nigsbrunn und in weiter Folge in der Reitschule Grafenegg. Die Auff\u00fchrung in K\u00f6nigsbrunn musste zwar wegen Gewitter abgebrochen werden. Die gewaltigen St\u00fccke von Orff vor dieser Gewitter-Kulisse waren aber einmalig.<\/p>\n<p>Im Jahr 2007 hat sich der Kammerchor wieder der geistlichen Musik verschrieben und im Herbst das Konzert \u201eCantate Domino\u201c veranstaltet. Eben im Herbst dieses Jahres haben wir den 60. Geburtstag unseres musikalischen Leiters und Mitbegr\u00fcnders, Helmut Ettl, gefeiert. Leider ist unser Helmut Ettl im Februar 2008 nach schwerer Krankheit sehr pl\u00f6tzlich und unerwartet verstorben. Sein Tod hat eine gro\u00dfe L\u00fccke in unser Chorleben gerissen. Das Bestehen des K\u00f6nigsbrunner Kammerchores und sein Erfolg\u00a0sind und waren untrennbar mit ihm verbunden.<\/p>\n<p>Wie ging es 2008 weiter:<br \/>\nNachdem Helmut Ettl die Carmina Burana mit dem Chor so professionell einstudiert hatte, konnte der Chor zusammen mit weiteren 14 Ch\u00f6ren und der Tullner Blasmusik dieses Meisterst\u00fcck auf der Tullner Donaub\u00fchne veranstalten. Insgesamt nahmen rd. 300 Musiker an diesem Projekt teil; rd. 3000 Zuh\u00f6rer besuchten diese Auftaktveranstaltung in Tulln. Bereits einige Tage zuvor wurde das Werk im Rahmen des \u201eMostviertel Viertelfestivals\u201c aufgef\u00fchrt.<\/p>\n<p>Ab Oktober 2008 wurde der K\u00f6nigsbrunner Kammerchor von Johannes Kobald geleitet. Nach fast f\u00fcnf Jahren Chorarbeit, in denen z. B. auch die Misa Criolla wieder aufgef\u00fchrt\u00a0 wurde, legte Johannes Kobald im Mai 2013 die Chorleitung\u00a0 in die H\u00e4nde von Andreas Salzbrunn. Im J\u00e4nner 2014 \u00fcbernahm Cornelia Rupert die Chorleitung des K\u00f6nigsbrunner Kammerchores. Unter ihrer musikalischen F\u00fchrung konnte die Zusammenarbeit mit dem Absdorfer &#8222;chor mauritius&#8220; (Leitung: Erhard Mann) intensiviert werden. Als Gemeinschaftsprojekte gelangten im Herbst 2015 die &#8222;Kr\u00f6nungsmesse&#8220; sowie 2017 das &#8222;Requiem&#8220; von W.A. Mozart zur Auff\u00fchrung. Zwei Sommer-Freiluft-Konzerte am K\u00f6nigsbrunner WagramFenster boten ein abwechslungsreiches Liedprogramm. Von Mitte 2018 bis Ende 2021 lag die Leitung des Chores in den H\u00e4nden von Zofia Tothova, wo auch neue Wege in Richtung Gospel und Pop beschritten wurden. Seit Juni 2022 leitet Lidija Fricko den Chor. Die Advent im Gw\u00f6lb-Konzerte wurden nach der Pandemie in die Pfarrkirche verlegt und als &#8222;Advent im Kirchengw\u00f6lb&#8220; mit immer wechselnden musikalischen G\u00e4sten neu konzipiert. Auch die &#8222;Klangpunkt&#8220;-Reihe im Fr\u00fchling wurde mit &#8222;Musik aus verschiedenen Richtungen&#8220; erfolgreich weitergef\u00fchrt.<\/p>\n<p>Im Jubil\u00e4umsjahr 2025 stehen drei gro\u00dfe musikalische Highlights auf dem Programm: Am 16. Februar, dem Todestag von Josef Helmut Ettl, gestalten wir eine Fest- und Dankesmesse in memoriam Joself Helmut Ettl und verstorbener Chormitglieder. Dabei kommt die Schubert-Messe in G-dur zur Auff\u00fchrung. Am 17. Mai lassen wir 50 Jahre Chor in Form von wichtigen musikalischen St\u00fccken Revue passieren und integrieren dabei auch die 30-Jahr-Feier zum Bestehen der neuen Orgel. Parallel dazu ist eine Foto-\/Video-Ausstellung im Kunstraum neben der Kirche zu besichtigen. Im Advent (Freitag, 28.11., 19:30 &#8211; Pfarrkirche Absdorf, Samstag, 7.12., 18:00 &#8211; Pfarrkirche K\u00f6nigsbrunn) beschlie\u00dfen wir das Jubil\u00e4umsjahr mit einem Gemeinschaftsprojekt mit dem chor mauritius: das &#8222;Magnificat&#8220; von John Rutter.<\/p>\n<\/div>\n","protected":false},"excerpt":{"rendered":"<p>Der K\u00f6nigsbrunner Kammerchor Ein R\u00fcckblick Der Chor wurde 1975 von Josef Helmut Ettl als Kirchenchor K\u00f6nigsbrunn gegr\u00fcndet und hatte als solcher prim\u00e4r die Aufgabe, kirchliche Feste musikalisch zu gestalten. Aus dem Wunsch, nicht nur liturgisch t\u00e4tig zu sein, entstanden die ersten Kirchenkonzerte, wie zB die Auff\u00fchrung von Pergolesis \u201eStabat Mater\u201c 1981. Der Wunsch nach mehr&#8230;<\/p>\n","protected":false},"author":2,"featured_media":0,"parent":0,"menu_order":0,"comment_status":"closed","ping_status":"open","template":"","meta":{"_kad_post_transparent":"","_kad_post_title":"","_kad_post_layout":"","_kad_post_sidebar_id":"","_kad_post_content_style":"","_kad_post_vertical_padding":"","_kad_post_feature":"","_kad_post_feature_position":"","_kad_post_header":false,"_kad_post_footer":false,"_kad_post_classname":"","footnotes":""},"class_list":["post-11","page","type-page","status-publish","hentry"],"_links":{"self":[{"href":"https:\/\/www.living-lexicon.at\/koenigsbrunnerkammerchor\/index.php?rest_route=\/wp\/v2\/pages\/11","targetHints":{"allow":["GET"]}}],"collection":[{"href":"https:\/\/www.living-lexicon.at\/koenigsbrunnerkammerchor\/index.php?rest_route=\/wp\/v2\/pages"}],"about":[{"href":"https:\/\/www.living-lexicon.at\/koenigsbrunnerkammerchor\/index.php?rest_route=\/wp\/v2\/types\/page"}],"author":[{"embeddable":true,"href":"https:\/\/www.living-lexicon.at\/koenigsbrunnerkammerchor\/index.php?rest_route=\/wp\/v2\/users\/2"}],"replies":[{"embeddable":true,"href":"https:\/\/www.living-lexicon.at\/koenigsbrunnerkammerchor\/index.php?rest_route=%2Fwp%2Fv2%2Fcomments&post=11"}],"version-history":[{"count":7,"href":"https:\/\/www.living-lexicon.at\/koenigsbrunnerkammerchor\/index.php?rest_route=\/wp\/v2\/pages\/11\/revisions"}],"predecessor-version":[{"id":691,"href":"https:\/\/www.living-lexicon.at\/koenigsbrunnerkammerchor\/index.php?rest_route=\/wp\/v2\/pages\/11\/revisions\/691"}],"wp:attachment":[{"href":"https:\/\/www.living-lexicon.at\/koenigsbrunnerkammerchor\/index.php?rest_route=%2Fwp%2Fv2%2Fmedia&parent=11"}],"curies":[{"name":"wp","href":"https:\/\/api.w.org\/{rel}","templated":true}]}}