{"id":745,"date":"2025-10-14T22:38:54","date_gmt":"2025-10-14T20:38:54","guid":{"rendered":"https:\/\/www.living-lexicon.at\/koenigsbrunnerkammerchor\/?page_id=745"},"modified":"2025-10-14T22:44:47","modified_gmt":"2025-10-14T20:44:47","slug":"konzertmitschnitte","status":"publish","type":"page","link":"https:\/\/www.living-lexicon.at\/koenigsbrunnerkammerchor\/?page_id=745","title":{"rendered":"Videos"},"content":{"rendered":"\n<p>Hier die Links zum Video unseres Jubil\u00e4umskonzerts und zum Video &#8222;50 Jahre K\u00f6nigsbrunner Kammerchor&#8220;. <\/p>\n\n\n\n<p>Kamera &amp; Schnitt bei beiden Videos stammen von Colin Jam\u00f6ck.<\/p>\n\n\n\n<figure class=\"wp-block-embed is-type-video is-provider-youtube wp-block-embed-youtube wp-embed-aspect-16-9 wp-has-aspect-ratio\"><div class=\"wp-block-embed__wrapper\">\n<iframe loading=\"lazy\" title=\"Chor 50 Jahre Event\" width=\"720\" height=\"405\" src=\"https:\/\/www.youtube.com\/embed\/8Sov8pGnHsQ?feature=oembed\" frameborder=\"0\" allow=\"accelerometer; autoplay; clipboard-write; encrypted-media; gyroscope; picture-in-picture; web-share\" referrerpolicy=\"strict-origin-when-cross-origin\" allowfullscreen><\/iframe>\n<\/div><\/figure>\n\n\n\n<figure class=\"wp-block-embed is-type-video is-provider-youtube wp-block-embed-youtube wp-embed-aspect-16-9 wp-has-aspect-ratio\"><div class=\"wp-block-embed__wrapper\">\n<iframe loading=\"lazy\" title=\"50 Jahre Koenigsbrunner Kammerchor_Film mit Interviews\" width=\"720\" height=\"405\" src=\"https:\/\/www.youtube.com\/embed\/9NvUjJReEAU?feature=oembed\" frameborder=\"0\" allow=\"accelerometer; autoplay; clipboard-write; encrypted-media; gyroscope; picture-in-picture; web-share\" referrerpolicy=\"strict-origin-when-cross-origin\" allowfullscreen><\/iframe>\n<\/div><\/figure>\n","protected":false},"excerpt":{"rendered":"<p>Hier die Links zum Video unseres Jubil\u00e4umskonzerts und zum Video &#8222;50 Jahre K\u00f6nigsbrunner Kammerchor&#8220;. Kamera &amp; Schnitt bei beiden Videos stammen von Colin Jam\u00f6ck.<\/p>\n","protected":false},"author":4,"featured_media":0,"parent":0,"menu_order":0,"comment_status":"closed","ping_status":"closed","template":"","meta":{"_kad_post_transparent":"","_kad_post_title":"","_kad_post_layout":"","_kad_post_sidebar_id":"","_kad_post_content_style":"","_kad_post_vertical_padding":"","_kad_post_feature":"","_kad_post_feature_position":"","_kad_post_header":false,"_kad_post_footer":false,"_kad_post_classname":"","footnotes":""},"class_list":["post-745","page","type-page","status-publish","hentry"],"_links":{"self":[{"href":"https:\/\/www.living-lexicon.at\/koenigsbrunnerkammerchor\/index.php?rest_route=\/wp\/v2\/pages\/745","targetHints":{"allow":["GET"]}}],"collection":[{"href":"https:\/\/www.living-lexicon.at\/koenigsbrunnerkammerchor\/index.php?rest_route=\/wp\/v2\/pages"}],"about":[{"href":"https:\/\/www.living-lexicon.at\/koenigsbrunnerkammerchor\/index.php?rest_route=\/wp\/v2\/types\/page"}],"author":[{"embeddable":true,"href":"https:\/\/www.living-lexicon.at\/koenigsbrunnerkammerchor\/index.php?rest_route=\/wp\/v2\/users\/4"}],"replies":[{"embeddable":true,"href":"https:\/\/www.living-lexicon.at\/koenigsbrunnerkammerchor\/index.php?rest_route=%2Fwp%2Fv2%2Fcomments&post=745"}],"version-history":[{"count":3,"href":"https:\/\/www.living-lexicon.at\/koenigsbrunnerkammerchor\/index.php?rest_route=\/wp\/v2\/pages\/745\/revisions"}],"predecessor-version":[{"id":748,"href":"https:\/\/www.living-lexicon.at\/koenigsbrunnerkammerchor\/index.php?rest_route=\/wp\/v2\/pages\/745\/revisions\/748"}],"wp:attachment":[{"href":"https:\/\/www.living-lexicon.at\/koenigsbrunnerkammerchor\/index.php?rest_route=%2Fwp%2Fv2%2Fmedia&parent=745"}],"curies":[{"name":"wp","href":"https:\/\/api.w.org\/{rel}","templated":true}]}}