
{"id":101,"date":"2008-01-28T19:12:28","date_gmt":"2008-01-28T18:12:28","guid":{"rendered":"http:\/\/www.living-lexicon.at\/sudelbuch\/anzugliches-eindeutiges\/"},"modified":"2008-02-03T18:12:31","modified_gmt":"2008-02-03T17:12:31","slug":"anzuegliches-freizuegiges","status":"publish","type":"page","link":"https:\/\/www.living-lexicon.at\/sudelbuch\/anzuegliches-freizuegiges\/","title":{"rendered":"Anz\u00fcgliches &#038; Freiz\u00fcgiges"},"content":{"rendered":"<p>Mit dem Anklicken untenstehenden Links betreten Sie einen Bereich mit freiz\u00fcgigen Inhalten. Wenn Sie vollj\u00e4hrig sind und derlei nicht anst\u00f6\u00dfig finden, dann geben Sie das Passwort &#8222;zensur&#8220; zum Betrachten der Seite an. Ansonsten brechen Sie ab und verlassen diese Seite.<\/p>\n<p align=\"center\"><a href=\"..\/anzuegliches-freizuegiges\/gewagt\/\" title=\"Gewagt\">Gewagt<\/a><\/p>\n","protected":false},"excerpt":{"rendered":"<p>Mit dem Anklicken untenstehenden Links betreten Sie einen Bereich mit freiz\u00fcgigen Inhalten. Wenn Sie vollj\u00e4hrig sind und derlei nicht anst\u00f6\u00dfig finden, dann geben Sie das Passwort &#8222;zensur&#8220; zum Betrachten der Seite an. Ansonsten brechen Sie ab und verlassen diese Seite. Gewagt<\/p>\n","protected":false},"author":1,"featured_media":0,"parent":0,"menu_order":0,"comment_status":"closed","ping_status":"open","template":"","meta":{"jetpack_post_was_ever_published":false,"footnotes":""},"class_list":["post-101","page","type-page","status-publish","hentry"],"jetpack_shortlink":"https:\/\/wp.me\/P3Qpk1-1D","jetpack_sharing_enabled":true,"_links":{"self":[{"href":"https:\/\/www.living-lexicon.at\/sudelbuch\/wp-json\/wp\/v2\/pages\/101","targetHints":{"allow":["GET"]}}],"collection":[{"href":"https:\/\/www.living-lexicon.at\/sudelbuch\/wp-json\/wp\/v2\/pages"}],"about":[{"href":"https:\/\/www.living-lexicon.at\/sudelbuch\/wp-json\/wp\/v2\/types\/page"}],"author":[{"embeddable":true,"href":"https:\/\/www.living-lexicon.at\/sudelbuch\/wp-json\/wp\/v2\/users\/1"}],"replies":[{"embeddable":true,"href":"https:\/\/www.living-lexicon.at\/sudelbuch\/wp-json\/wp\/v2\/comments?post=101"}],"version-history":[{"count":0,"href":"https:\/\/www.living-lexicon.at\/sudelbuch\/wp-json\/wp\/v2\/pages\/101\/revisions"}],"wp:attachment":[{"href":"https:\/\/www.living-lexicon.at\/sudelbuch\/wp-json\/wp\/v2\/media?parent=101"}],"curies":[{"name":"wp","href":"https:\/\/api.w.org\/{rel}","templated":true}]}}